{"id":44,"date":"2020-02-05T19:44:05","date_gmt":"2020-02-05T18:44:05","guid":{"rendered":"https:\/\/tcvp8.donbosco-tahiti.pf\/?page_id=44"},"modified":"2020-02-14T02:38:28","modified_gmt":"2020-02-14T01:38:28","slug":"nos-piscines","status":"publish","type":"page","link":"https:\/\/tcvp8.donbosco-tahiti.pf\/?page_id=44","title":{"rendered":"Nos piscines"},"content":{"rendered":"\n<p class=\"has-text-align-center has-medium-font-size\">Pour d\u00e9couvrir de nouvelles piscines architectural et original, les photos de nos piscines vous donnerons l&rsquo;envie de partir.<\/p>\n\n\n\n<figure class=\"wp-block-gallery columns-3 is-cropped\"><ul class=\"blocks-gallery-grid\"><li class=\"blocks-gallery-item\"><figure><img loading=\"lazy\" width=\"1024\" height=\"683\" src=\"https:\/\/tcvp8.donbosco-tahiti.pf\/wp-content\/uploads\/2020\/02\/ACORESFPC3JPG_5e203c1fe6258-1024x683.jpg\" alt=\"\" data-id=\"76\" data-full-url=\"https:\/\/tcvp8.donbosco-tahiti.pf\/wp-content\/uploads\/2020\/02\/ACORESFPC3JPG_5e203c1fe6258.jpg\" data-link=\"https:\/\/tcvp8.donbosco-tahiti.pf\/?attachment_id=76\" class=\"wp-image-76\" srcset=\"https:\/\/tcvp8.donbosco-tahiti.pf\/wp-content\/uploads\/2020\/02\/ACORESFPC3JPG_5e203c1fe6258-1024x683.jpg 1024w, https:\/\/tcvp8.donbosco-tahiti.pf\/wp-content\/uploads\/2020\/02\/ACORESFPC3JPG_5e203c1fe6258-300x200.jpg 300w, https:\/\/tcvp8.donbosco-tahiti.pf\/wp-content\/uploads\/2020\/02\/ACORESFPC3JPG_5e203c1fe6258-768x512.jpg 768w, https:\/\/tcvp8.donbosco-tahiti.pf\/wp-content\/uploads\/2020\/02\/ACORESFPC3JPG_5e203c1fe6258.jpg 1280w\" sizes=\"(max-width: 767px) 89vw, (max-width: 1000px) 54vw, (max-width: 1071px) 543px, 580px\" \/><\/figure><\/li><li class=\"blocks-gallery-item\"><figure><img loading=\"lazy\" width=\"1024\" height=\"768\" src=\"https:\/\/tcvp8.donbosco-tahiti.pf\/wp-content\/uploads\/2020\/02\/DSCF4618sitejpg_5c481fd8b9de1-1024x768.jpg\" alt=\"\" data-id=\"78\" data-full-url=\"https:\/\/tcvp8.donbosco-tahiti.pf\/wp-content\/uploads\/2020\/02\/DSCF4618sitejpg_5c481fd8b9de1.jpg\" data-link=\"https:\/\/tcvp8.donbosco-tahiti.pf\/?attachment_id=78\" class=\"wp-image-78\" srcset=\"https:\/\/tcvp8.donbosco-tahiti.pf\/wp-content\/uploads\/2020\/02\/DSCF4618sitejpg_5c481fd8b9de1-1024x768.jpg 1024w, https:\/\/tcvp8.donbosco-tahiti.pf\/wp-content\/uploads\/2020\/02\/DSCF4618sitejpg_5c481fd8b9de1-300x225.jpg 300w, https:\/\/tcvp8.donbosco-tahiti.pf\/wp-content\/uploads\/2020\/02\/DSCF4618sitejpg_5c481fd8b9de1-768x576.jpg 768w, https:\/\/tcvp8.donbosco-tahiti.pf\/wp-content\/uploads\/2020\/02\/DSCF4618sitejpg_5c481fd8b9de1-1536x1152.jpg 1536w, https:\/\/tcvp8.donbosco-tahiti.pf\/wp-content\/uploads\/2020\/02\/DSCF4618sitejpg_5c481fd8b9de1.jpg 1700w\" sizes=\"(max-width: 767px) 89vw, (max-width: 1000px) 54vw, (max-width: 1071px) 543px, 580px\" \/><\/figure><\/li><li class=\"blocks-gallery-item\"><figure><img loading=\"lazy\" width=\"1024\" height=\"683\" src=\"https:\/\/tcvp8.donbosco-tahiti.pf\/wp-content\/uploads\/2020\/02\/SEYCHELLEFPCjpg_5e203db2b9480-4-1024x683.jpg\" alt=\"\" data-id=\"80\" data-full-url=\"https:\/\/tcvp8.donbosco-tahiti.pf\/wp-content\/uploads\/2020\/02\/SEYCHELLEFPCjpg_5e203db2b9480-4.jpg\" data-link=\"https:\/\/tcvp8.donbosco-tahiti.pf\/?attachment_id=80\" class=\"wp-image-80\" srcset=\"https:\/\/tcvp8.donbosco-tahiti.pf\/wp-content\/uploads\/2020\/02\/SEYCHELLEFPCjpg_5e203db2b9480-4-1024x683.jpg 1024w, https:\/\/tcvp8.donbosco-tahiti.pf\/wp-content\/uploads\/2020\/02\/SEYCHELLEFPCjpg_5e203db2b9480-4-300x200.jpg 300w, https:\/\/tcvp8.donbosco-tahiti.pf\/wp-content\/uploads\/2020\/02\/SEYCHELLEFPCjpg_5e203db2b9480-4-768x512.jpg 768w, https:\/\/tcvp8.donbosco-tahiti.pf\/wp-content\/uploads\/2020\/02\/SEYCHELLEFPCjpg_5e203db2b9480-4.jpg 1280w\" sizes=\"(max-width: 767px) 89vw, (max-width: 1000px) 54vw, (max-width: 1071px) 543px, 580px\" \/><\/figure><\/li><li class=\"blocks-gallery-item\"><figure><img loading=\"lazy\" width=\"1024\" height=\"768\" src=\"https:\/\/tcvp8.donbosco-tahiti.pf\/wp-content\/uploads\/2020\/02\/image-piscine-deck-en-bois-tahiti-polynesie-piscine-entreprise-construction-piscine-3-1024x768.jpg\" alt=\"\" data-id=\"79\" data-full-url=\"https:\/\/tcvp8.donbosco-tahiti.pf\/wp-content\/uploads\/2020\/02\/image-piscine-deck-en-bois-tahiti-polynesie-piscine-entreprise-construction-piscine-3.jpg\" data-link=\"https:\/\/tcvp8.donbosco-tahiti.pf\/?attachment_id=79\" class=\"wp-image-79\" srcset=\"https:\/\/tcvp8.donbosco-tahiti.pf\/wp-content\/uploads\/2020\/02\/image-piscine-deck-en-bois-tahiti-polynesie-piscine-entreprise-construction-piscine-3-1024x768.jpg 1024w, https:\/\/tcvp8.donbosco-tahiti.pf\/wp-content\/uploads\/2020\/02\/image-piscine-deck-en-bois-tahiti-polynesie-piscine-entreprise-construction-piscine-3-300x225.jpg 300w, https:\/\/tcvp8.donbosco-tahiti.pf\/wp-content\/uploads\/2020\/02\/image-piscine-deck-en-bois-tahiti-polynesie-piscine-entreprise-construction-piscine-3-768x576.jpg 768w, https:\/\/tcvp8.donbosco-tahiti.pf\/wp-content\/uploads\/2020\/02\/image-piscine-deck-en-bois-tahiti-polynesie-piscine-entreprise-construction-piscine-3-1536x1152.jpg 1536w, https:\/\/tcvp8.donbosco-tahiti.pf\/wp-content\/uploads\/2020\/02\/image-piscine-deck-en-bois-tahiti-polynesie-piscine-entreprise-construction-piscine-3.jpg 2048w\" sizes=\"(max-width: 767px) 89vw, (max-width: 1000px) 54vw, (max-width: 1071px) 543px, 580px\" \/><\/figure><\/li><li class=\"blocks-gallery-item\"><figure><img loading=\"lazy\" width=\"1024\" height=\"768\" src=\"https:\/\/tcvp8.donbosco-tahiti.pf\/wp-content\/uploads\/2020\/02\/BORNEO1jpg_5e203c9f5f567-4-1024x768.jpg\" alt=\"\" data-id=\"77\" data-full-url=\"https:\/\/tcvp8.donbosco-tahiti.pf\/wp-content\/uploads\/2020\/02\/BORNEO1jpg_5e203c9f5f567-4.jpg\" data-link=\"https:\/\/tcvp8.donbosco-tahiti.pf\/?attachment_id=77\" class=\"wp-image-77\" srcset=\"https:\/\/tcvp8.donbosco-tahiti.pf\/wp-content\/uploads\/2020\/02\/BORNEO1jpg_5e203c9f5f567-4-1024x768.jpg 1024w, https:\/\/tcvp8.donbosco-tahiti.pf\/wp-content\/uploads\/2020\/02\/BORNEO1jpg_5e203c9f5f567-4-300x225.jpg 300w, https:\/\/tcvp8.donbosco-tahiti.pf\/wp-content\/uploads\/2020\/02\/BORNEO1jpg_5e203c9f5f567-4-768x576.jpg 768w, https:\/\/tcvp8.donbosco-tahiti.pf\/wp-content\/uploads\/2020\/02\/BORNEO1jpg_5e203c9f5f567-4-1536x1152.jpg 1536w, https:\/\/tcvp8.donbosco-tahiti.pf\/wp-content\/uploads\/2020\/02\/BORNEO1jpg_5e203c9f5f567-4.jpg 1600w\" sizes=\"(max-width: 767px) 89vw, (max-width: 1000px) 54vw, (max-width: 1071px) 543px, 580px\" \/><\/figure><\/li><\/ul><\/figure>\n\n\n\n<p class=\"has-text-align-center\">Un large choix qui vous attendent et dont vous saurez fi\u00e8re. N&rsquo;h\u00e9sitez plus ! Choisissez ! contactez ! et tout sera pr\u00eats !  <\/p>\n\n\n\n<figure class=\"wp-block-gallery columns-2 is-cropped\"><ul class=\"blocks-gallery-grid\"><li class=\"blocks-gallery-item\"><figure><img loading=\"lazy\" width=\"1024\" height=\"768\" src=\"https:\/\/tcvp8.donbosco-tahiti.pf\/wp-content\/uploads\/2020\/02\/piscine-bloc-a-bancher-dure-enterr\u00e9-polynesie-piscine-entreprise-construction-r\u00e9novation-tahiti-ppb-1024x768-1.jpg\" alt=\"\" data-id=\"82\" data-full-url=\"https:\/\/tcvp8.donbosco-tahiti.pf\/wp-content\/uploads\/2020\/02\/piscine-bloc-a-bancher-dure-enterr\u00e9-polynesie-piscine-entreprise-construction-r\u00e9novation-tahiti-ppb-1024x768-1.jpg\" data-link=\"https:\/\/tcvp8.donbosco-tahiti.pf\/?attachment_id=82\" class=\"wp-image-82\" srcset=\"https:\/\/tcvp8.donbosco-tahiti.pf\/wp-content\/uploads\/2020\/02\/piscine-bloc-a-bancher-dure-enterr\u00e9-polynesie-piscine-entreprise-construction-r\u00e9novation-tahiti-ppb-1024x768-1.jpg 1024w, https:\/\/tcvp8.donbosco-tahiti.pf\/wp-content\/uploads\/2020\/02\/piscine-bloc-a-bancher-dure-enterr\u00e9-polynesie-piscine-entreprise-construction-r\u00e9novation-tahiti-ppb-1024x768-1-300x225.jpg 300w, https:\/\/tcvp8.donbosco-tahiti.pf\/wp-content\/uploads\/2020\/02\/piscine-bloc-a-bancher-dure-enterr\u00e9-polynesie-piscine-entreprise-construction-r\u00e9novation-tahiti-ppb-1024x768-1-768x576.jpg 768w\" sizes=\"(max-width: 767px) 89vw, (max-width: 1000px) 54vw, (max-width: 1071px) 543px, 580px\" \/><\/figure><\/li><li class=\"blocks-gallery-item\"><figure><img loading=\"lazy\" width=\"1024\" height=\"608\" src=\"https:\/\/tcvp8.donbosco-tahiti.pf\/wp-content\/uploads\/2020\/02\/LINER-AVANT-APRES-1024x608.jpg\" alt=\"\" data-id=\"81\" data-full-url=\"https:\/\/tcvp8.donbosco-tahiti.pf\/wp-content\/uploads\/2020\/02\/LINER-AVANT-APRES-scaled.jpg\" data-link=\"https:\/\/tcvp8.donbosco-tahiti.pf\/?attachment_id=81\" class=\"wp-image-81\" srcset=\"https:\/\/tcvp8.donbosco-tahiti.pf\/wp-content\/uploads\/2020\/02\/LINER-AVANT-APRES-1024x608.jpg 1024w, https:\/\/tcvp8.donbosco-tahiti.pf\/wp-content\/uploads\/2020\/02\/LINER-AVANT-APRES-300x178.jpg 300w, https:\/\/tcvp8.donbosco-tahiti.pf\/wp-content\/uploads\/2020\/02\/LINER-AVANT-APRES-768x456.jpg 768w, https:\/\/tcvp8.donbosco-tahiti.pf\/wp-content\/uploads\/2020\/02\/LINER-AVANT-APRES-1536x912.jpg 1536w, https:\/\/tcvp8.donbosco-tahiti.pf\/wp-content\/uploads\/2020\/02\/LINER-AVANT-APRES-2048x1215.jpg 2048w\" sizes=\"(max-width: 767px) 89vw, (max-width: 1000px) 54vw, (max-width: 1071px) 543px, 580px\" \/><\/figure><\/li><\/ul><\/figure>\n\n\n\n<p class=\"has-text-align-center\"> Nous le faisons s\u00e9rieusement ! et nous le faisons bien !  <\/p>\n","protected":false},"excerpt":{"rendered":"<p>Pour d\u00e9couvrir de nouvelles piscines architectural et original, les photos de nos piscines vous donnerons l&rsquo;envie de partir. Un large choix qui vous attendent et dont vous saurez fi\u00e8re. N&rsquo;h\u00e9sitez plus ! Choisissez ! contactez ! et tout sera pr\u00eats ! Nous le faisons s\u00e9rieusement ! et nous le faisons bien !<\/p>\n","protected":false},"author":2,"featured_media":0,"parent":0,"menu_order":0,"comment_status":"closed","ping_status":"closed","template":"","meta":[],"_links":{"self":[{"href":"https:\/\/tcvp8.donbosco-tahiti.pf\/index.php?rest_route=\/wp\/v2\/pages\/44"}],"collection":[{"href":"https:\/\/tcvp8.donbosco-tahiti.pf\/index.php?rest_route=\/wp\/v2\/pages"}],"about":[{"href":"https:\/\/tcvp8.donbosco-tahiti.pf\/index.php?rest_route=\/wp\/v2\/types\/page"}],"author":[{"embeddable":true,"href":"https:\/\/tcvp8.donbosco-tahiti.pf\/index.php?rest_route=\/wp\/v2\/users\/2"}],"replies":[{"embeddable":true,"href":"https:\/\/tcvp8.donbosco-tahiti.pf\/index.php?rest_route=%2Fwp%2Fv2%2Fcomments&post=44"}],"version-history":[{"count":3,"href":"https:\/\/tcvp8.donbosco-tahiti.pf\/index.php?rest_route=\/wp\/v2\/pages\/44\/revisions"}],"predecessor-version":[{"id":83,"href":"https:\/\/tcvp8.donbosco-tahiti.pf\/index.php?rest_route=\/wp\/v2\/pages\/44\/revisions\/83"}],"wp:attachment":[{"href":"https:\/\/tcvp8.donbosco-tahiti.pf\/index.php?rest_route=%2Fwp%2Fv2%2Fmedia&parent=44"}],"curies":[{"name":"wp","href":"https:\/\/api.w.org\/{rel}","templated":true}]}}